{"id":4052,"date":"2021-12-18T16:40:01","date_gmt":"2021-12-18T16:40:01","guid":{"rendered":"https:\/\/the7.io\/elementor-business\/?page_id=4052"},"modified":"2024-09-18T23:29:25","modified_gmt":"2024-09-18T21:29:25","slug":"projects","status":"publish","type":"page","link":"https:\/\/nuevaweb.smartchipperu.com\/index.php\/projects\/","title":{"rendered":"Productos Inform\u00e1ticos"},"content":{"rendered":"\t\t<div data-elementor-type=\"wp-page\" data-elementor-id=\"4052\" class=\"elementor elementor-4052\" data-elementor-post-type=\"page\">\n\t\t\t\t\t\t<section class=\"elementor-section elementor-top-section elementor-element elementor-element-b5feb80 elementor-section-boxed elementor-section-height-default elementor-section-height-default\" data-id=\"b5feb80\" data-element_type=\"section\">\n\t\t\t\t\t\t<div class=\"elementor-container elementor-column-gap-wider\">\n\t\t\t\t\t<div class=\"elementor-column elementor-col-100 elementor-top-column elementor-element elementor-element-790bcb1\" data-id=\"790bcb1\" data-element_type=\"column\">\n\t\t\t<div class=\"elementor-widget-wrap elementor-element-populated\">\n\t\t\t\t\t\t<div class=\"elementor-element elementor-element-776ce17 img-align-top image-vertical-align-center slide-h-position-center icon-box-vertical-align-top preserve-img-ratio-cover elementor-widget elementor-widget-the7-elements-simple-posts\" data-id=\"776ce17\" data-element_type=\"widget\" data-widget_type=\"the7-elements-simple-posts.default\">\n\t\t\t\t<div class=\"elementor-widget-container\">\n\t\t\t<div class=\"the7-simple-widget-posts the7-elementor-widget the7-elements-simple-posts-776ce17 jquery-filter jquery-filter\" data-post-limit=\"12\" data-pagination-mode=\"load-more\" data-scroll-offset=\"\">\t\t\t<div class=\"dt-css-grid custom-pagination-handler\" data-columns=\"{&quot;d&quot;:3,&quot;t&quot;:2,&quot;p&quot;:1,&quot;wd&quot;:3}\">\n\t\t\t\t\t\t\t\t\t<div class=\"wf-cell visible \">\n\t\t\t\t\t\t<article class=\"post visible wrapper post-585 dt_portfolio type-dt_portfolio status-publish has-post-thumbnail hentry\">\n\n\t\t\t\t\t\t\t<div class=\"post-content-wrapper\">\n\t\t\t\t\t\t\t\t\t\t\t\t\t\t\t\t\t<div class=\"the7-simple-post-thumb\">\n\t\t\t\t\t\t\t\t\t\t<div class=\"post-thumbnail-rollover layzr-bg img-css-resize-wrapper not-clickable-item\" aria-label=\"Post image\"><img fetchpriority=\"high\" decoding=\"async\" width=\"1500\" height=\"1000\" src=\"data:image\/svg+xml,%3Csvg%20xmlns%3D&#039;http%3A%2F%2Fwww.w3.org%2F2000%2Fsvg&#039;%20viewBox%3D&#039;0%200%201500%201000&#039;%2F%3E\" class=\"attachment-full size-full preload-me aspect lazy lazy-load\" alt=\"\" sizes=\"(max-width: 1500px) 100vw, 1500px\" style=\"--ratio: 1500 \/ 1000;\" data-src=\"https:\/\/nuevaweb.smartchipperu.com\/wp-content\/uploads\/2020\/02\/img001-46-1.jpg\" loading=\"eager\" data-srcset=\"https:\/\/nuevaweb.smartchipperu.com\/wp-content\/uploads\/2020\/02\/img001-46-1.jpg 1500w, https:\/\/nuevaweb.smartchipperu.com\/wp-content\/uploads\/2020\/02\/img001-46-1-300x200.jpg 300w, https:\/\/nuevaweb.smartchipperu.com\/wp-content\/uploads\/2020\/02\/img001-46-1-1024x683.jpg 1024w, https:\/\/nuevaweb.smartchipperu.com\/wp-content\/uploads\/2020\/02\/img001-46-1-768x512.jpg 768w\" \/><span class=\"the7-hover-icon\"><\/span><\/div>\t\t\t\t\t\t\t\t\t<\/div>\n\t\t\t\t\t\t\t\t\t\t\t\t\t\t\t\t<div class=\"post-entry-content\">\n\t\t\t\t\t\t\t\t\t<h5 class=\"heading\"><span title=\"Imagen Empresarial\" class=\"post-title\">Imagen Empresarial<\/span><\/h5><p class=\"short-description\"><\/p>\t\t\t\t\t\t\t\t<\/div>\n\t\t\t\t\t\t\t<\/div>\n\t\t\t\t\t\t<\/article>\n\t\t\t\t\t<\/div>\t\t\t\t\t\t\t\t\t\t<div class=\"wf-cell visible \">\n\t\t\t\t\t\t<article class=\"post visible wrapper post-589 dt_portfolio type-dt_portfolio status-publish has-post-thumbnail hentry\">\n\n\t\t\t\t\t\t\t<div class=\"post-content-wrapper\">\n\t\t\t\t\t\t\t\t\t\t\t\t\t\t\t\t\t<div class=\"the7-simple-post-thumb\">\n\t\t\t\t\t\t\t\t\t\t<div class=\"post-thumbnail-rollover layzr-bg img-css-resize-wrapper not-clickable-item\" aria-label=\"Post image\"><img decoding=\"async\" width=\"1500\" height=\"1000\" src=\"data:image\/svg+xml,%3Csvg%20xmlns%3D&#039;http%3A%2F%2Fwww.w3.org%2F2000%2Fsvg&#039;%20viewBox%3D&#039;0%200%201500%201000&#039;%2F%3E\" class=\"attachment-full size-full preload-me aspect lazy lazy-load\" alt=\"\" sizes=\"(max-width: 1500px) 100vw, 1500px\" style=\"--ratio: 1500 \/ 1000;\" data-src=\"https:\/\/nuevaweb.smartchipperu.com\/wp-content\/uploads\/2020\/01\/img001-8-1.jpg\" loading=\"eager\" data-srcset=\"https:\/\/nuevaweb.smartchipperu.com\/wp-content\/uploads\/2020\/01\/img001-8-1.jpg 1500w, https:\/\/nuevaweb.smartchipperu.com\/wp-content\/uploads\/2020\/01\/img001-8-1-300x200.jpg 300w, https:\/\/nuevaweb.smartchipperu.com\/wp-content\/uploads\/2020\/01\/img001-8-1-1024x683.jpg 1024w, https:\/\/nuevaweb.smartchipperu.com\/wp-content\/uploads\/2020\/01\/img001-8-1-768x512.jpg 768w\" \/><span class=\"the7-hover-icon\"><\/span><\/div>\t\t\t\t\t\t\t\t\t<\/div>\n\t\t\t\t\t\t\t\t\t\t\t\t\t\t\t\t<div class=\"post-entry-content\">\n\t\t\t\t\t\t\t\t\t<h5 class=\"heading\"><span title=\"Tecnolog\u00eda AI\" class=\"post-title\">Tecnolog\u00eda AI<\/span><\/h5><p class=\"short-description\"><\/p>\t\t\t\t\t\t\t\t<\/div>\n\t\t\t\t\t\t\t<\/div>\n\t\t\t\t\t\t<\/article>\n\t\t\t\t\t<\/div>\t\t\t\t\t\t\t\t\t\t<div class=\"wf-cell visible \">\n\t\t\t\t\t\t<article class=\"post visible wrapper post-587 dt_portfolio type-dt_portfolio status-publish has-post-thumbnail hentry\">\n\n\t\t\t\t\t\t\t<div class=\"post-content-wrapper\">\n\t\t\t\t\t\t\t\t\t\t\t\t\t\t\t\t\t<div class=\"the7-simple-post-thumb\">\n\t\t\t\t\t\t\t\t\t\t<div class=\"post-thumbnail-rollover layzr-bg img-css-resize-wrapper not-clickable-item\" aria-label=\"Post image\"><img decoding=\"async\" width=\"1500\" height=\"1000\" src=\"data:image\/svg+xml,%3Csvg%20xmlns%3D&#039;http%3A%2F%2Fwww.w3.org%2F2000%2Fsvg&#039;%20viewBox%3D&#039;0%200%201500%201000&#039;%2F%3E\" class=\"attachment-full size-full preload-me aspect lazy lazy-load\" alt=\"\" sizes=\"(max-width: 1500px) 100vw, 1500px\" style=\"--ratio: 1500 \/ 1000;\" data-src=\"https:\/\/nuevaweb.smartchipperu.com\/wp-content\/uploads\/2020\/02\/img001-1-1.jpg\" loading=\"eager\" data-srcset=\"https:\/\/nuevaweb.smartchipperu.com\/wp-content\/uploads\/2020\/02\/img001-1-1.jpg 1500w, https:\/\/nuevaweb.smartchipperu.com\/wp-content\/uploads\/2020\/02\/img001-1-1-300x200.jpg 300w, https:\/\/nuevaweb.smartchipperu.com\/wp-content\/uploads\/2020\/02\/img001-1-1-1024x683.jpg 1024w, https:\/\/nuevaweb.smartchipperu.com\/wp-content\/uploads\/2020\/02\/img001-1-1-768x512.jpg 768w\" \/><span class=\"the7-hover-icon\"><\/span><\/div>\t\t\t\t\t\t\t\t\t<\/div>\n\t\t\t\t\t\t\t\t\t\t\t\t\t\t\t\t<div class=\"post-entry-content\">\n\t\t\t\t\t\t\t\t\t<h5 class=\"heading\"><span title=\"Software PYME\" class=\"post-title\">Software PYME<\/span><\/h5><p class=\"short-description\"><\/p>\t\t\t\t\t\t\t\t<\/div>\n\t\t\t\t\t\t\t<\/div>\n\t\t\t\t\t\t<\/article>\n\t\t\t\t\t<\/div>\t\t\t\t\t\t\t\t\t\t<div class=\"wf-cell visible \">\n\t\t\t\t\t\t<article class=\"post visible wrapper post-591 dt_portfolio type-dt_portfolio status-publish has-post-thumbnail hentry\">\n\n\t\t\t\t\t\t\t<div class=\"post-content-wrapper\">\n\t\t\t\t\t\t\t\t\t\t\t\t\t\t\t\t\t<div class=\"the7-simple-post-thumb\">\n\t\t\t\t\t\t\t\t\t\t<div class=\"post-thumbnail-rollover layzr-bg img-css-resize-wrapper not-clickable-item\" aria-label=\"Post image\"><img decoding=\"async\" width=\"1500\" height=\"1000\" src=\"data:image\/svg+xml,%3Csvg%20xmlns%3D&#039;http%3A%2F%2Fwww.w3.org%2F2000%2Fsvg&#039;%20viewBox%3D&#039;0%200%201500%201000&#039;%2F%3E\" class=\"attachment-full size-full preload-me aspect lazy lazy-load\" alt=\"\" sizes=\"(max-width: 1500px) 100vw, 1500px\" style=\"--ratio: 1500 \/ 1000;\" data-src=\"https:\/\/nuevaweb.smartchipperu.com\/wp-content\/uploads\/2020\/02\/img001-41-1.jpg\" loading=\"eager\" data-srcset=\"https:\/\/nuevaweb.smartchipperu.com\/wp-content\/uploads\/2020\/02\/img001-41-1.jpg 1500w, https:\/\/nuevaweb.smartchipperu.com\/wp-content\/uploads\/2020\/02\/img001-41-1-300x200.jpg 300w, https:\/\/nuevaweb.smartchipperu.com\/wp-content\/uploads\/2020\/02\/img001-41-1-1024x683.jpg 1024w, https:\/\/nuevaweb.smartchipperu.com\/wp-content\/uploads\/2020\/02\/img001-41-1-768x512.jpg 768w\" \/><span class=\"the7-hover-icon\"><\/span><\/div>\t\t\t\t\t\t\t\t\t<\/div>\n\t\t\t\t\t\t\t\t\t\t\t\t\t\t\t\t<div class=\"post-entry-content\">\n\t\t\t\t\t\t\t\t\t<h5 class=\"heading\"><span title=\"Soporte TI\" class=\"post-title\">Soporte TI<\/span><\/h5><p class=\"short-description\"><\/p>\t\t\t\t\t\t\t\t<\/div>\n\t\t\t\t\t\t\t<\/div>\n\t\t\t\t\t\t<\/article>\n\t\t\t\t\t<\/div>\t\t\t\t\t\t\t\t\t\t<div class=\"wf-cell visible \">\n\t\t\t\t\t\t<article class=\"post visible wrapper post-596 dt_portfolio type-dt_portfolio status-publish has-post-thumbnail hentry\">\n\n\t\t\t\t\t\t\t<div class=\"post-content-wrapper\">\n\t\t\t\t\t\t\t\t\t\t\t\t\t\t\t\t\t<div class=\"the7-simple-post-thumb\">\n\t\t\t\t\t\t\t\t\t\t<div class=\"post-thumbnail-rollover layzr-bg img-css-resize-wrapper not-clickable-item\" aria-label=\"Post image\"><img decoding=\"async\" width=\"1500\" height=\"1000\" src=\"data:image\/svg+xml,%3Csvg%20xmlns%3D&#039;http%3A%2F%2Fwww.w3.org%2F2000%2Fsvg&#039;%20viewBox%3D&#039;0%200%201500%201000&#039;%2F%3E\" class=\"attachment-full size-full preload-me aspect lazy lazy-load\" alt=\"\" sizes=\"(max-width: 1500px) 100vw, 1500px\" style=\"--ratio: 1500 \/ 1000;\" data-src=\"https:\/\/nuevaweb.smartchipperu.com\/wp-content\/uploads\/2020\/02\/img001-45-1.jpg\" loading=\"eager\" data-srcset=\"https:\/\/nuevaweb.smartchipperu.com\/wp-content\/uploads\/2020\/02\/img001-45-1.jpg 1500w, https:\/\/nuevaweb.smartchipperu.com\/wp-content\/uploads\/2020\/02\/img001-45-1-300x200.jpg 300w, https:\/\/nuevaweb.smartchipperu.com\/wp-content\/uploads\/2020\/02\/img001-45-1-1024x683.jpg 1024w, https:\/\/nuevaweb.smartchipperu.com\/wp-content\/uploads\/2020\/02\/img001-45-1-768x512.jpg 768w\" \/><span class=\"the7-hover-icon\"><\/span><\/div>\t\t\t\t\t\t\t\t\t<\/div>\n\t\t\t\t\t\t\t\t\t\t\t\t\t\t\t\t<div class=\"post-entry-content\">\n\t\t\t\t\t\t\t\t\t<h5 class=\"heading\"><span title=\"Asesor\u00eda Contable\" class=\"post-title\">Asesor\u00eda Contable<\/span><\/h5><p class=\"short-description\"><\/p>\t\t\t\t\t\t\t\t<\/div>\n\t\t\t\t\t\t\t<\/div>\n\t\t\t\t\t\t<\/article>\n\t\t\t\t\t<\/div>\t\t\t\t\t\t\t\t\t\t<div class=\"wf-cell visible \">\n\t\t\t\t\t\t<article class=\"post visible wrapper post-583 dt_portfolio type-dt_portfolio status-publish has-post-thumbnail hentry\">\n\n\t\t\t\t\t\t\t<div class=\"post-content-wrapper\">\n\t\t\t\t\t\t\t\t\t\t\t\t\t\t\t\t\t<div class=\"the7-simple-post-thumb\">\n\t\t\t\t\t\t\t\t\t\t<div class=\"post-thumbnail-rollover layzr-bg img-css-resize-wrapper not-clickable-item\" aria-label=\"Post image\"><img decoding=\"async\" width=\"1500\" height=\"1000\" src=\"data:image\/svg+xml,%3Csvg%20xmlns%3D&#039;http%3A%2F%2Fwww.w3.org%2F2000%2Fsvg&#039;%20viewBox%3D&#039;0%200%201500%201000&#039;%2F%3E\" class=\"attachment-full size-full preload-me aspect lazy lazy-load\" alt=\"\" sizes=\"(max-width: 1500px) 100vw, 1500px\" style=\"--ratio: 1500 \/ 1000;\" data-src=\"https:\/\/nuevaweb.smartchipperu.com\/wp-content\/uploads\/2020\/02\/img001-3-1.jpg\" loading=\"eager\" data-srcset=\"https:\/\/nuevaweb.smartchipperu.com\/wp-content\/uploads\/2020\/02\/img001-3-1.jpg 1500w, https:\/\/nuevaweb.smartchipperu.com\/wp-content\/uploads\/2020\/02\/img001-3-1-300x200.jpg 300w, https:\/\/nuevaweb.smartchipperu.com\/wp-content\/uploads\/2020\/02\/img001-3-1-1024x683.jpg 1024w, https:\/\/nuevaweb.smartchipperu.com\/wp-content\/uploads\/2020\/02\/img001-3-1-768x512.jpg 768w\" \/><span class=\"the7-hover-icon\"><\/span><\/div>\t\t\t\t\t\t\t\t\t<\/div>\n\t\t\t\t\t\t\t\t\t\t\t\t\t\t\t\t<div class=\"post-entry-content\">\n\t\t\t\t\t\t\t\t\t<h5 class=\"heading\"><span title=\"Inform\u00e1tica\" class=\"post-title\">Inform\u00e1tica<\/span><\/h5><p class=\"short-description\"><\/p>\t\t\t\t\t\t\t\t<\/div>\n\t\t\t\t\t\t\t<\/div>\n\t\t\t\t\t\t<\/article>\n\t\t\t\t\t<\/div>\t\t\t\t\t\t\t\t<\/div>\n\t\t<div class=\"paginator filter-decorations paginator-more-button filter-pointer-framed\">\n\t\t\t\t<a class=\"button-load-more highlighted filter-item\" href=\"javascript:void(0);\" data-dt-page=\"1\" ><span class=\"button-caption\">Load more<\/span><\/a>\n\t\t\t<\/div><\/div>\t\t<\/div>\n\t\t\t\t<\/div>\n\t\t\t\t\t<\/div>\n\t\t<\/div>\n\t\t\t\t\t<\/div>\n\t\t<\/section>\n\t\t\t\t<\/div>\n\t\t","protected":false},"excerpt":{"rendered":"<p>Imagen Empresarial Tecnolog\u00eda AI Software PYME Soporte TI Asesor\u00eda Contable Inform\u00e1tica Load more<\/p>\n","protected":false},"author":1,"featured_media":356,"parent":0,"menu_order":60,"comment_status":"closed","ping_status":"closed","template":"","meta":{"footnotes":""},"class_list":["post-4052","page","type-page","status-publish","has-post-thumbnail","hentry"],"_links":{"self":[{"href":"https:\/\/nuevaweb.smartchipperu.com\/index.php\/wp-json\/wp\/v2\/pages\/4052","targetHints":{"allow":["GET"]}}],"collection":[{"href":"https:\/\/nuevaweb.smartchipperu.com\/index.php\/wp-json\/wp\/v2\/pages"}],"about":[{"href":"https:\/\/nuevaweb.smartchipperu.com\/index.php\/wp-json\/wp\/v2\/types\/page"}],"author":[{"embeddable":true,"href":"https:\/\/nuevaweb.smartchipperu.com\/index.php\/wp-json\/wp\/v2\/users\/1"}],"replies":[{"embeddable":true,"href":"https:\/\/nuevaweb.smartchipperu.com\/index.php\/wp-json\/wp\/v2\/comments?post=4052"}],"version-history":[{"count":4,"href":"https:\/\/nuevaweb.smartchipperu.com\/index.php\/wp-json\/wp\/v2\/pages\/4052\/revisions"}],"predecessor-version":[{"id":5964,"href":"https:\/\/nuevaweb.smartchipperu.com\/index.php\/wp-json\/wp\/v2\/pages\/4052\/revisions\/5964"}],"wp:featuredmedia":[{"embeddable":true,"href":"https:\/\/nuevaweb.smartchipperu.com\/index.php\/wp-json\/wp\/v2\/media\/356"}],"wp:attachment":[{"href":"https:\/\/nuevaweb.smartchipperu.com\/index.php\/wp-json\/wp\/v2\/media?parent=4052"}],"curies":[{"name":"wp","href":"https:\/\/api.w.org\/{rel}","templated":true}]}}